{"id":4123,"date":"2024-09-24T16:22:15","date_gmt":"2024-09-24T14:22:15","guid":{"rendered":"https:\/\/bantam-corpo.dev-bantam.ch\/?page_id=4123"},"modified":"2024-10-25T15:08:33","modified_gmt":"2024-10-25T13:08:33","slug":"vermietung-form","status":"publish","type":"page","link":"https:\/\/bantam-corpo.dev-bantam.ch\/de\/vermietung-form\/","title":{"rendered":"Vermietung form"},"content":{"rendered":"\n<div class=\"wp-block-contact-form-7-contact-form-selector\">\n<div class=\"wpcf7 no-js\" id=\"wpcf7-f4268-o1\" lang=\"de-DE\" dir=\"ltr\" data-wpcf7-id=\"4268\">\n<div class=\"screen-reader-response\"><p role=\"status\" aria-live=\"polite\" aria-atomic=\"true\"><\/p> <ul><\/ul><\/div>\n<form action=\"\/de\/wp-json\/wp\/v2\/pages\/4123#wpcf7-f4268-o1\" method=\"post\" class=\"wpcf7-form init cf7mls-no-scroll cf7mls-auto-return-first-step cf7mls-no-moving-animation\" aria-label=\"Contact form\" novalidate=\"novalidate\" data-status=\"init\">\n<div style=\"display: none;\">\n<input type=\"hidden\" name=\"_wpcf7\" value=\"4268\" \/>\n<input type=\"hidden\" name=\"_wpcf7_version\" value=\"6.0.3\" \/>\n<input type=\"hidden\" name=\"_wpcf7_locale\" value=\"de_DE\" \/>\n<input type=\"hidden\" name=\"_wpcf7_unit_tag\" value=\"wpcf7-f4268-o1\" \/>\n<input type=\"hidden\" name=\"_wpcf7_container_post\" value=\"0\" \/>\n<input type=\"hidden\" name=\"_wpcf7_posted_data_hash\" value=\"\" \/>\n<\/div>\n<div class=\"fieldset-cf7mls-wrapper\" data-transition-effects><fieldset class=\"fieldset-cf7mls cf7mls_current_fs\"><h2 class=\"title-section-left mb-8\">Informationen<\/h2>\n<div class=\"mb-4\">\n<span class=\"wpcf7-form-control-wrap\" data-name=\"gender\"><span class=\"wpcf7-form-control wpcf7-radio\"><span class=\"wpcf7-list-item first\"><label><input type=\"radio\" name=\"gender\" value=\"Herr\" checked=\"checked\" \/><span class=\"wpcf7-list-item-label\">Herr<\/span><\/label><\/span><span class=\"wpcf7-list-item last\"><label><input type=\"radio\" name=\"gender\" value=\"Frau\" \/><span class=\"wpcf7-list-item-label\">Frau<\/span><\/label><\/span><\/span><\/span>\n<\/div>\n<div class=\"mb-4\">\n<label>Nachname<span class=\"text-primary\">*<\/span><\/label>\n<span class=\"wpcf7-form-control-wrap\" data-name=\"last_name\"><input size=\"40\" maxlength=\"400\" class=\"wpcf7-form-control wpcf7-text\" aria-invalid=\"false\" value=\"\" type=\"text\" name=\"last_name\" \/><\/span>\n<\/div>\n<div class=\"mb-4\">\n<label>Vorname<span class=\"text-primary\">*<\/span><\/label>\n<span class=\"wpcf7-form-control-wrap\" data-name=\"first_name\"><input size=\"40\" maxlength=\"400\" class=\"wpcf7-form-control wpcf7-text\" aria-invalid=\"false\" value=\"\" type=\"text\" name=\"first_name\" \/><\/span>\n<\/div>\n<div class=\"mb-4\">\n<label>Kundennummer<\/label>\n<span class=\"wpcf7-form-control-wrap\" data-name=\"client_number\"><input size=\"40\" maxlength=\"400\" class=\"wpcf7-form-control wpcf7-text\" aria-invalid=\"false\" value=\"\" type=\"text\" name=\"client_number\" \/><\/span>\n<\/div>\n<div class=\"mb-4\">\n<label>Strasse<span class=\"text-primary\">*<\/span><\/label>\n<span class=\"wpcf7-form-control-wrap\" data-name=\"street\"><input size=\"40\" maxlength=\"400\" class=\"wpcf7-form-control wpcf7-text\" autocomplete=\"street\" aria-invalid=\"false\" value=\"\" type=\"text\" name=\"street\" \/><\/span>\n<\/div>\n<div class=\"mb-4\">\n<label>PLZ<span class=\"text-primary\">*<\/span><\/label>\n<span class=\"wpcf7-form-control-wrap\" data-name=\"npa\"><input size=\"40\" maxlength=\"400\" class=\"wpcf7-form-control wpcf7-text\" autocomplete=\"npa\" aria-invalid=\"false\" value=\"\" type=\"text\" name=\"npa\" \/><\/span>\n<\/div>\n<div class=\"mb-4\">\n<label>Ort<span class=\"text-primary\">*<\/span><\/label>\n<span class=\"wpcf7-form-control-wrap\" data-name=\"place\"><input size=\"40\" maxlength=\"400\" class=\"wpcf7-form-control wpcf7-text\" autocomplete=\"city\" aria-invalid=\"false\" value=\"\" type=\"text\" name=\"place\" \/><\/span>\n<\/div>\n<div class=\"mb-4\">\n<label>Festnetz<\/label>\n<span class=\"wpcf7-form-control-wrap\" data-name=\"phone_desk\"><input size=\"40\" maxlength=\"400\" class=\"wpcf7-form-control wpcf7-text\" aria-invalid=\"false\" value=\"\" type=\"text\" name=\"phone_desk\" \/><\/span>\n<\/div>\n<div class=\"mb-4\">\n<label>Mobiltelefon<span class=\"text-primary\">*<\/span><\/label>\n<span class=\"wpcf7-form-control-wrap\" data-name=\"phone_mobile\"><input size=\"40\" maxlength=\"400\" class=\"wpcf7-form-control wpcf7-text\" aria-invalid=\"false\" value=\"\" type=\"text\" name=\"phone_mobile\" \/><\/span>\n<\/div>\n<div class=\"mb-4\">\n<label>E-Mail<span class=\"text-primary\">*<\/span><\/label>\n<span class=\"wpcf7-form-control-wrap\" data-name=\"email\"><input size=\"40\" maxlength=\"400\" class=\"wpcf7-form-control wpcf7-email wpcf7-text wpcf7-validates-as-email\" aria-invalid=\"false\" value=\"\" type=\"email\" name=\"email\" \/><\/span>\n<\/div>\n<div class=\"mb-4\">\n<label>Geburtsdatum<span class=\"text-primary\">*<\/span><\/label>\n<span class=\"wpcf7-form-control-wrap\" data-name=\"birthdate\"><input class=\"wpcf7-form-control wpcf7-date wpcf7-validates-as-date\" aria-invalid=\"false\" value=\"\" type=\"date\" name=\"birthdate\" \/><\/span>\n<\/div>\n<div class=\"mb-4\">\n<label>Nationalit\u00e4t<\/label>\n<span class=\"wpcf7-form-control-wrap\" data-name=\"nationality\"><input size=\"40\" maxlength=\"400\" class=\"wpcf7-form-control wpcf7-text\" aria-invalid=\"false\" value=\"\" type=\"text\" name=\"nationality\" \/><\/span>\n<\/div>\n<div class=\"mb-4\">\n<label>Passnummer<\/label>\n<span class=\"wpcf7-form-control-wrap\" data-name=\"passport_number\"><input size=\"40\" maxlength=\"400\" class=\"wpcf7-form-control wpcf7-text\" aria-invalid=\"false\" value=\"\" type=\"text\" name=\"passport_number\" \/><\/span>\n<\/div>\n<div class=\"mb-4\">\n<label>F\u00fchrerscheinnummer<\/label>\n<span class=\"wpcf7-form-control-wrap\" data-name=\"driving_license_number\"><input size=\"40\" maxlength=\"400\" class=\"wpcf7-form-control wpcf7-text\" aria-invalid=\"false\" value=\"\" type=\"text\" name=\"driving_license_number\" \/><\/span>\n<\/div>\n<div class=\"mb-4\">\n<label>Beruf<\/label>\n<span class=\"wpcf7-form-control-wrap\" data-name=\"job\"><input size=\"40\" maxlength=\"400\" class=\"wpcf7-form-control wpcf7-text\" aria-invalid=\"false\" value=\"\" type=\"text\" name=\"job\" \/><\/span>\n<\/div>\n<div class=\"mb-4\">\n<label>Andere Fahrer<\/label>\n<span class=\"wpcf7-form-control-wrap\" data-name=\"other_drivers_names\"><input size=\"40\" maxlength=\"400\" class=\"wpcf7-form-control wpcf7-text\" aria-invalid=\"false\" value=\"\" type=\"text\" name=\"other_drivers_names\" \/><\/span>\n<\/div>\n<div class=\"mb-4\">\n<label>Abholung am Verkaufsort<\/label>\n<span class=\"wpcf7-form-control-wrap\" data-name=\"shop\"><span class=\"wpcf7-form-control wpcf7-radio\"><span class=\"wpcf7-list-item first\"><label><input type=\"radio\" name=\"shop\" value=\"Etagni\u00e8res\" \/><span class=\"wpcf7-list-item-label\">Etagni\u00e8res<\/span><\/label><\/span><span class=\"wpcf7-list-item\"><label><input type=\"radio\" name=\"shop\" value=\"Hindelbank\" \/><span class=\"wpcf7-list-item-label\">Hindelbank<\/span><\/label><\/span><span class=\"wpcf7-list-item last\"><label><input type=\"radio\" name=\"shop\" value=\"Urdorf\" \/><span class=\"wpcf7-list-item-label\">Urdorf<\/span><\/label><\/span><\/span><\/span>\n<\/div><div class=\"cf7mls-btns \"><button type=\"button\" class=\"cf7mls_next cf7mls_btn action-button\" name=\"cf7mls_next\" id=\"cf7mls-next-btn-cf7mls_step-1\">Weiter<img decoding=\"async\" src=\"https:\/\/bantam-corpo.dev-bantam.ch\/wp-content\/plugins\/cf7-multi-step\/assets\/frontend\/img\/loader.svg\" alt=\"Step Loading\" data-lazy-src=\"https:\/\/bantam-corpo.dev-bantam.ch\/wp-content\/plugins\/cf7-multi-step\/assets\/frontend\/img\/loader.svg\" style=\"display: none;\" \/><\/button><\/div><p><\/p><\/fieldset><fieldset class=\"fieldset-cf7mls\"><h2 class=\"title-section-left mb-8\">Mietdauer<\/h2>\n<p class=\"font-bold\" style=\"margin-bottom: 8px\">Wichtige Information<\/p>\n<p>Die Fahrzeug\u00fcbergabe muss sp\u00e4testens um 10:00 Uhr am R\u00fcckgabetag erfolgen.<\/p>\n<div class=\"mb-4\">\n<label>Abreisedatum<span class=\"text-primary\">*<\/span><\/label>\n<span class=\"wpcf7-form-control-wrap\" data-name=\"date_start\"><input class=\"wpcf7-form-control wpcf7-date wpcf7-validates-as-date\" aria-invalid=\"false\" value=\"\" type=\"date\" name=\"date_start\" \/><\/span>\n<\/div>\n<div class=\"mb-6\">\n<label>R\u00fcckgabedatum<span class=\"text-primary\">*<\/span><\/label>\n<span class=\"wpcf7-form-control-wrap\" data-name=\"date_end\"><input class=\"wpcf7-form-control wpcf7-date wpcf7-validates-as-date\" aria-invalid=\"false\" value=\"\" type=\"date\" name=\"date_end\" \/><\/span>\n<\/div>\n<p class=\"font-bold mb-1\" style=\"margin-bottom: 8px\">Zweites Wunschdatum<\/p>\n<p class=\"mb-4\">Falls kein Fahrzeug verf\u00fcgbar ist.<\/p>\n<div class=\"mb-4\">\n<label>Abreisedatum<\/label>\n<span class=\"wpcf7-form-control-wrap\" data-name=\"date_alt_start\"><input class=\"wpcf7-form-control wpcf7-date wpcf7-validates-as-date\" aria-invalid=\"false\" value=\"\" type=\"date\" name=\"date_alt_start\" \/><\/span>\n<\/div>\n<div class=\"mb-4\">\n<label>R\u00fcckgabedatum<\/label>\n<span class=\"wpcf7-form-control-wrap\" data-name=\"date_alt_end\"><input class=\"wpcf7-form-control wpcf7-date wpcf7-validates-as-date\" aria-invalid=\"false\" value=\"\" type=\"date\" name=\"date_alt_end\" \/><\/span>\n<\/div>\n<div class=\"mb-4\">\n<label>Ungef\u00e4hre Entfernung<\/label>\n<span class=\"wpcf7-form-control-wrap\" data-name=\"distance\"><input size=\"40\" maxlength=\"400\" class=\"wpcf7-form-control wpcf7-text\" aria-invalid=\"false\" value=\"\" type=\"text\" name=\"distance\" \/><\/span>\n<\/div>\n<div class=\"mb-4\">\n<label>Zielort<\/label>\n<span class=\"wpcf7-form-control-wrap\" data-name=\"destination\"><input size=\"40\" maxlength=\"400\" class=\"wpcf7-form-control wpcf7-text\" aria-invalid=\"false\" value=\"\" type=\"text\" name=\"destination\" \/><\/span>\n<\/div><div class=\"cf7mls-btns \"><button type=\"button\" class=\"cf7mls_back action-button\" name=\"cf7mls_back\" id=\"cf7mls-back-btn-cf7mls_step-2\">Zur\u00fcck<\/button><button type=\"button\" class=\"cf7mls_next cf7mls_btn action-button\" name=\"cf7mls_next\" id=\"cf7mls-next-btn-cf7mls_step-2\">Weiter<img decoding=\"async\" src=\"https:\/\/bantam-corpo.dev-bantam.ch\/wp-content\/plugins\/cf7-multi-step\/assets\/frontend\/img\/loader.svg\" alt=\"Step Loading\" data-lazy-src=\"https:\/\/bantam-corpo.dev-bantam.ch\/wp-content\/plugins\/cf7-multi-step\/assets\/frontend\/img\/loader.svg\" style=\"display: none;\" \/><\/button><\/div><p><\/p><\/fieldset><fieldset class=\"fieldset-cf7mls\"><h2 class=\"title-section-left mb-2\">Optionen<\/h2>\n<p class=\"font-bold mb-8\">W\u00e4hlen Sie die zus\u00e4tzlichen Optionen<\/p>\n<div class=\"mb-4\">\n<span class=\"wpcf7-form-control-wrap\" data-name=\"cleaning\"><span class=\"wpcf7-form-control wpcf7-checkbox\"><span class=\"wpcf7-list-item first last\"><label><input type=\"checkbox\" name=\"cleaning[]\" value=\"CHF 160.- Innenreinigung\" \/><span class=\"wpcf7-list-item-label\">CHF 160.- Innenreinigung<\/span><\/label><\/span><\/span><\/span>\n<\/div>\n<div class=\"mb-4\">\n<span class=\"wpcf7-form-control-wrap\" data-name=\"table\"><span class=\"wpcf7-form-control wpcf7-checkbox\"><span class=\"wpcf7-list-item first last\"><label><input type=\"checkbox\" name=\"table[]\" value=\"CHF 15.- \/ Woche - Tisch\" \/><span class=\"wpcf7-list-item-label\">CHF 15.- \/ Woche - Tisch<\/span><\/label><\/span><\/span><\/span>\n<\/div>\n<div class=\"mb-4\">\n<label>CHF 10.- pro Stuhl \/ Woche<\/label>\n<span class=\"wpcf7-form-control-wrap\" data-name=\"chairs\"><select class=\"wpcf7-form-control wpcf7-select\" aria-invalid=\"false\" name=\"chairs\"><option value=\"1\">1<\/option><option value=\"2\">2<\/option><option value=\"3\">3<\/option><option value=\"4\">4<\/option><option value=\"5\">5<\/option><option value=\"6\">6<\/option><option value=\"7\">7<\/option><option value=\"8\">8<\/option><option value=\"9\">9<\/option><option value=\"10\">10<\/option><\/select><\/span>\n<\/div>\n<div class=\"mb-4\">\n<span class=\"wpcf7-form-control-wrap\" data-name=\"cleaning\"><span class=\"wpcf7-form-control wpcf7-checkbox\"><span class=\"wpcf7-list-item first last\"><label><input type=\"checkbox\" name=\"cleaning[]\" value=\"CHF 160.- Innenreinigung\" \/><span class=\"wpcf7-list-item-label\">CHF 160.- Innenreinigung<\/span><\/label><\/span><\/span><\/span>\n<\/div>\n<div class=\"mb-4\">\n<span class=\"wpcf7-form-control-wrap\" data-name=\"assurance\"><span class=\"wpcf7-form-control wpcf7-checkbox\"><span class=\"wpcf7-list-item first last\"><label><input type=\"checkbox\" name=\"assurance[]\" value=\"Ich habe eine Reiser\u00fccktrittsversicherung\" \/><span class=\"wpcf7-list-item-label\">Ich habe eine Reiser\u00fccktrittsversicherung<\/span><\/label><\/span><\/span><\/span>\n<\/div>\n<hr class=\"mb-4\"><\/hr>\n<div class=\"mb-6\">\n<span class=\"wpcf7-form-control-wrap\" data-name=\"acceptance-582\"><span class=\"wpcf7-form-control wpcf7-acceptance\"><span class=\"wpcf7-list-item\"><label><input type=\"checkbox\" name=\"acceptance-582\" value=\"1\" aria-invalid=\"false\" \/><span class=\"wpcf7-list-item-label\">Ich habe die Allgemeinen Gesch\u00e4ftsbedingungen gelesen und akzeptiere sie<\/span><\/label><\/span><\/span><\/span>\n<\/div>\n<input class=\"wpcf7-form-control wpcf7-hidden\" value=\"\" type=\"hidden\" name=\"location\" \/>\n<input class=\"wpcf7-form-control wpcf7-submit has-spinner btn btn-primary w-full cursor-pointer\" type=\"submit\" value=\"Senden\" \/>\n<div class=\"cf7mls-btns cf7mls-btns-last-step\"><button type=\"button\" class=\"cf7mls_back action-button\" name=\"cf7mls_back\" id=\"cf7mls-back-btn-cf7mls_step-3\">Zur\u00fcck<\/button><button type=\"button\" style=\"display: none;\" class=\"cf7mls_next cf7mls_btn action-button\" name=\"cf7mls_next\" id=\"cf7mls-next-btn-cf7mls_step-3\"><img decoding=\"async\" src=\"https:\/\/bantam-corpo.dev-bantam.ch\/wp-content\/plugins\/cf7-multi-step\/assets\/frontend\/img\/loader.svg\" alt=\"Step Loading\" data-lazy-src=\"https:\/\/bantam-corpo.dev-bantam.ch\/wp-content\/plugins\/cf7-multi-step\/assets\/frontend\/img\/loader.svg\" style=\"display: none;\" \/><\/button><\/fieldset><\/div><div class=\"wpcf7-response-output\" aria-hidden=\"true\"><\/div>\n<\/form>\n<\/div>\n<\/div>\n","protected":false},"excerpt":{"rendered":"","protected":false},"author":1,"featured_media":0,"parent":0,"menu_order":0,"comment_status":"closed","ping_status":"closed","template":"template-location-form.php","meta":{"_acf_changed":false,"footnotes":""},"class_list":["post-4123","page","type-page","status-publish","hentry"],"acf":[],"yoast_head":"<!-- This site is optimized with the Yoast SEO plugin v24.4 - https:\/\/yoast.com\/wordpress\/plugins\/seo\/ -->\n<title>Vermietung form - Bantam<\/title>\n<meta name=\"robots\" content=\"index, follow, max-snippet:-1, max-image-preview:large, max-video-preview:-1\" \/>\n<link rel=\"canonical\" href=\"https:\/\/bantam-corpo.dev-bantam.ch\/de\/vermietung-form\/\" \/>\n<meta property=\"og:locale\" content=\"de_DE\" \/>\n<meta property=\"og:type\" content=\"article\" \/>\n<meta property=\"og:title\" content=\"Vermietung form - Bantam\" \/>\n<meta property=\"og:url\" content=\"https:\/\/bantam-corpo.dev-bantam.ch\/de\/vermietung-form\/\" \/>\n<meta property=\"og:site_name\" content=\"Bantam\" \/>\n<meta property=\"article:modified_time\" content=\"2024-10-25T13:08:33+00:00\" \/>\n<meta name=\"twitter:card\" content=\"summary_large_image\" \/>\n<meta name=\"twitter:label1\" content=\"Est. reading time\" \/>\n\t<meta name=\"twitter:data1\" content=\"1 Minute\" \/>\n<script type=\"application\/ld+json\" class=\"yoast-schema-graph\">{\"@context\":\"https:\/\/schema.org\",\"@graph\":[{\"@type\":\"WebPage\",\"@id\":\"https:\/\/bantam-corpo.dev-bantam.ch\/de\/vermietung-form\/\",\"url\":\"https:\/\/bantam-corpo.dev-bantam.ch\/de\/vermietung-form\/\",\"name\":\"Vermietung form - Bantam\",\"isPartOf\":{\"@id\":\"https:\/\/bantam-corpo.dev-bantam.ch\/de\/#website\"},\"datePublished\":\"2024-09-24T14:22:15+00:00\",\"dateModified\":\"2024-10-25T13:08:33+00:00\",\"breadcrumb\":{\"@id\":\"https:\/\/bantam-corpo.dev-bantam.ch\/de\/vermietung-form\/#breadcrumb\"},\"inLanguage\":\"de-DE\",\"potentialAction\":[{\"@type\":\"ReadAction\",\"target\":[\"https:\/\/bantam-corpo.dev-bantam.ch\/de\/vermietung-form\/\"]}]},{\"@type\":\"BreadcrumbList\",\"@id\":\"https:\/\/bantam-corpo.dev-bantam.ch\/de\/vermietung-form\/#breadcrumb\",\"itemListElement\":[{\"@type\":\"ListItem\",\"position\":1,\"name\":\"Home\",\"item\":\"https:\/\/bantam-corpo.dev-bantam.ch\/de\/\"},{\"@type\":\"ListItem\",\"position\":2,\"name\":\"Vermietung form\"}]},{\"@type\":\"WebSite\",\"@id\":\"https:\/\/bantam-corpo.dev-bantam.ch\/de\/#website\",\"url\":\"https:\/\/bantam-corpo.dev-bantam.ch\/de\/\",\"name\":\"Bantam\",\"description\":\"\",\"potentialAction\":[{\"@type\":\"SearchAction\",\"target\":{\"@type\":\"EntryPoint\",\"urlTemplate\":\"https:\/\/bantam-corpo.dev-bantam.ch\/de\/?s={search_term_string}\"},\"query-input\":{\"@type\":\"PropertyValueSpecification\",\"valueRequired\":true,\"valueName\":\"search_term_string\"}}],\"inLanguage\":\"de-DE\"}]}<\/script>\n<!-- \/ Yoast SEO plugin. -->","yoast_head_json":{"title":"Vermietung form - Bantam","robots":{"index":"index","follow":"follow","max-snippet":"max-snippet:-1","max-image-preview":"max-image-preview:large","max-video-preview":"max-video-preview:-1"},"canonical":"https:\/\/bantam-corpo.dev-bantam.ch\/de\/vermietung-form\/","og_locale":"de_DE","og_type":"article","og_title":"Vermietung form - Bantam","og_url":"https:\/\/bantam-corpo.dev-bantam.ch\/de\/vermietung-form\/","og_site_name":"Bantam","article_modified_time":"2024-10-25T13:08:33+00:00","twitter_card":"summary_large_image","twitter_misc":{"Est. reading time":"1 Minute"},"schema":{"@context":"https:\/\/schema.org","@graph":[{"@type":"WebPage","@id":"https:\/\/bantam-corpo.dev-bantam.ch\/de\/vermietung-form\/","url":"https:\/\/bantam-corpo.dev-bantam.ch\/de\/vermietung-form\/","name":"Vermietung form - Bantam","isPartOf":{"@id":"https:\/\/bantam-corpo.dev-bantam.ch\/de\/#website"},"datePublished":"2024-09-24T14:22:15+00:00","dateModified":"2024-10-25T13:08:33+00:00","breadcrumb":{"@id":"https:\/\/bantam-corpo.dev-bantam.ch\/de\/vermietung-form\/#breadcrumb"},"inLanguage":"de-DE","potentialAction":[{"@type":"ReadAction","target":["https:\/\/bantam-corpo.dev-bantam.ch\/de\/vermietung-form\/"]}]},{"@type":"BreadcrumbList","@id":"https:\/\/bantam-corpo.dev-bantam.ch\/de\/vermietung-form\/#breadcrumb","itemListElement":[{"@type":"ListItem","position":1,"name":"Home","item":"https:\/\/bantam-corpo.dev-bantam.ch\/de\/"},{"@type":"ListItem","position":2,"name":"Vermietung form"}]},{"@type":"WebSite","@id":"https:\/\/bantam-corpo.dev-bantam.ch\/de\/#website","url":"https:\/\/bantam-corpo.dev-bantam.ch\/de\/","name":"Bantam","description":"","potentialAction":[{"@type":"SearchAction","target":{"@type":"EntryPoint","urlTemplate":"https:\/\/bantam-corpo.dev-bantam.ch\/de\/?s={search_term_string}"},"query-input":{"@type":"PropertyValueSpecification","valueRequired":true,"valueName":"search_term_string"}}],"inLanguage":"de-DE"}]}},"publishpress_future_action":{"enabled":false,"date":"2026-04-25 17:13:19","action":"change-status","newStatus":"draft","terms":[],"taxonomy":"translation_priority"},"publishpress_future_workflow_manual_trigger":{"enabledWorkflows":[]},"_links":{"self":[{"href":"https:\/\/bantam-corpo.dev-bantam.ch\/de\/wp-json\/wp\/v2\/pages\/4123","targetHints":{"allow":["GET"]}}],"collection":[{"href":"https:\/\/bantam-corpo.dev-bantam.ch\/de\/wp-json\/wp\/v2\/pages"}],"about":[{"href":"https:\/\/bantam-corpo.dev-bantam.ch\/de\/wp-json\/wp\/v2\/types\/page"}],"author":[{"embeddable":true,"href":"https:\/\/bantam-corpo.dev-bantam.ch\/de\/wp-json\/wp\/v2\/users\/1"}],"replies":[{"embeddable":true,"href":"https:\/\/bantam-corpo.dev-bantam.ch\/de\/wp-json\/wp\/v2\/comments?post=4123"}],"version-history":[{"count":3,"href":"https:\/\/bantam-corpo.dev-bantam.ch\/de\/wp-json\/wp\/v2\/pages\/4123\/revisions"}],"predecessor-version":[{"id":4269,"href":"https:\/\/bantam-corpo.dev-bantam.ch\/de\/wp-json\/wp\/v2\/pages\/4123\/revisions\/4269"}],"wp:attachment":[{"href":"https:\/\/bantam-corpo.dev-bantam.ch\/de\/wp-json\/wp\/v2\/media?parent=4123"}],"curies":[{"name":"wp","href":"https:\/\/api.w.org\/{rel}","templated":true}]}}