{"id":3213,"date":"2024-07-01T14:09:54","date_gmt":"2024-07-01T12:09:54","guid":{"rendered":"https:\/\/bantam-corpo.dev-bantam.ch\/?page_id=3213"},"modified":"2025-01-22T12:08:41","modified_gmt":"2025-01-22T11:08:41","slug":"unternehmensprofil","status":"publish","type":"page","link":"https:\/\/bantam-corpo.dev-bantam.ch\/de\/unternehmensprofil\/","title":{"rendered":"Unternehmensprofil"},"content":{"rendered":"\n<h2 class=\"wp-block-heading\"><strong>Willkommen bei Bantam \u2013 Wir verwirklichen Ihre Tr\u00e4ume!<\/strong><\/h2>\n\n\n\n<div style=\"height:15px\" aria-hidden=\"true\" class=\"wp-block-spacer\"><\/div>\n\n\n\n<p>Mit unserer aussergew\u00f6hnlichen Auswahl und Vielfalt an Freizeitfahrzeugen k\u00f6nnen Sie Ihre Tr\u00e4ume bei Bantam wahr werden lassen.<\/p>\n\n\n\n<p>Wenn f\u00fcr Sie Komfort im Vordergrund steht, dann finden sie bei uns Ihr Taummobil f\u00fcr ein kompromissloses Reiseerlebnis. Reisen Sie mit h\u00f6chstem Komfort, erstklassigen Eigenschaften und aussergew\u00f6hnlichem Design.<\/p>\n\n\n\n<p>Wenn Sie \u201eFrequent Traveller\u201c sind, dann finden Sie bei uns kompakten Vans und Kastenwagen f\u00fcr grenzenloses Reisen. Man\u00f6vrieren Sie m\u00fchelos durch kurvenreiche Strassen, enge Gassen und machen Sie einen Stopp, wo immer Sie wollen.<\/p>\n\n\n\n<p>Wenn Sie die Natur lieben, dann finden Sie bei uns den passenden Wohnwagen f\u00fcr ein authentisches Campingerlebnis auf einem der vielen wundersch\u00f6nen Naturcampingpl\u00e4tze in Europa. Erkunden Sie die Natur und geniessen Sie dabei das Wohlbefinden in Ihrem mobilen Zuhause.<\/p>\n\n\n\n<p>Bei Bantam ist jedes Wohnmobil und jeder Wohnwagen mehr als nur ein Fahrzeug &#8211; es ist eine Einladung f\u00fcr grenzenlose Ferien und Erlebnisse.<\/p>\n\n\n\n<h2 class=\"wp-block-heading\"><strong>R\u00fcsten Sie sich f\u00fcr ein Abenteuer!<\/strong><\/h2>\n\n\n\n<div style=\"height:15px\" aria-hidden=\"true\" class=\"wp-block-spacer\"><\/div>\n\n\n\n<p>F\u00fcr Ihre Camping-Abenteuer bieten wir Ihnen eine riesige Auswahl an Campingartikeln, damit jeder Ihrer Ausfl\u00fcge zu einem unvergesslichen Erlebnis wird.<\/p>\n\n\n\n<p>Damit alles seinen \u201ePlatz\u201c hat, bieten wir Ihnen eine umfangreiche Auswahl an praktischen Ausr\u00fcstungsgegenst\u00e4nden, von kompakten K\u00fcchenutensilien bis hin zu praktischen und platzsparenden Aufbewahrungsl\u00f6sungen.<\/p>\n\n\n\n<p>Damit Sie laue N\u00e4chte unter dem Sternenhimmel in der Natur erleben k\u00f6nnen, bieten wir Ihnen eine grosse Kollektion an Schlafs\u00e4cken und Zelten an. Vom leichten Trekkingzelt bis hin zum komfortablen Familienzelt f\u00fcr ein einmalige Erlebnisse in der Natur.<\/p>\n\n\n\n<p>Damit Sie auf Ihren Reisen nicht auf kulinarisches Erlebnis verzichten m\u00fcssen, bieten wir Ihnen umfangreiches K\u00fcchenzubeh\u00f6r an. Von tragbaren Grills bis hin zu eleganten Geschirrsets &#8211; geniessen Sie auch fernab von zu Hause k\u00f6stliche Mahlzeiten.<\/p>\n\n\n\n<p>Bei Bantam sind wir \u00fcberzeugt, dass f\u00fcr Ihre Campingerlebnisse jedes Detail z\u00e4hlt. Erkunden Sie unser einmaliges Zubeh\u00f6rsortiment und bereiten Sie sich auf unvergessliche Momente in der Natur vor.<\/p>\n","protected":false},"excerpt":{"rendered":"<p>Willkommen bei Bantam \u2013 Wir verwirklichen Ihre Tr\u00e4ume! Mit unserer aussergew\u00f6hnlichen Auswahl und Vielfalt an Freizeitfahrzeugen k\u00f6nnen Sie Ihre Tr\u00e4ume bei Bantam wahr werden lassen. Wenn f\u00fcr Sie Komfort im Vordergrund steht, dann finden sie bei uns Ihr Taummobil f\u00fcr ein kompromissloses Reiseerlebnis. Reisen Sie mit h\u00f6chstem Komfort, erstklassigen Eigenschaften und aussergew\u00f6hnlichem Design. Wenn Sie [&hellip;]<\/p>\n","protected":false},"author":5,"featured_media":0,"parent":0,"menu_order":0,"comment_status":"closed","ping_status":"closed","template":"","meta":{"_acf_changed":false,"footnotes":""},"class_list":["post-3213","page","type-page","status-publish","hentry"],"acf":[],"yoast_head":"<!-- This site is optimized with the Yoast SEO plugin v27.4 - https:\/\/yoast.com\/product\/yoast-seo-wordpress\/ -->\n<title>Unternehmensprofil - Bantam<\/title>\n<meta name=\"robots\" content=\"index, follow, max-snippet:-1, max-image-preview:large, max-video-preview:-1\" \/>\n<link rel=\"canonical\" href=\"https:\/\/bantam-corpo.dev-bantam.ch\/de\/unternehmensprofil\/\" \/>\n<meta property=\"og:locale\" content=\"de_DE\" \/>\n<meta property=\"og:type\" content=\"article\" \/>\n<meta property=\"og:title\" content=\"Unternehmensprofil - Bantam\" \/>\n<meta property=\"og:description\" content=\"Willkommen bei Bantam \u2013 Wir verwirklichen Ihre Tr\u00e4ume! Mit unserer aussergew\u00f6hnlichen Auswahl und Vielfalt an Freizeitfahrzeugen k\u00f6nnen Sie Ihre Tr\u00e4ume bei Bantam wahr werden lassen. Wenn f\u00fcr Sie Komfort im Vordergrund steht, dann finden sie bei uns Ihr Taummobil f\u00fcr ein kompromissloses Reiseerlebnis. Reisen Sie mit h\u00f6chstem Komfort, erstklassigen Eigenschaften und aussergew\u00f6hnlichem Design. Wenn Sie [&hellip;]\" \/>\n<meta property=\"og:url\" content=\"https:\/\/bantam-corpo.dev-bantam.ch\/de\/unternehmensprofil\/\" \/>\n<meta property=\"og:site_name\" content=\"Bantam\" \/>\n<meta property=\"article:modified_time\" content=\"2025-01-22T11:08:41+00:00\" \/>\n<meta name=\"twitter:card\" content=\"summary_large_image\" \/>\n<meta name=\"twitter:label1\" content=\"Est. reading time\" \/>\n\t<meta name=\"twitter:data1\" content=\"2 Minuten\" \/>\n<script type=\"application\/ld+json\" class=\"yoast-schema-graph\">{\"@context\":\"https:\\\/\\\/schema.org\",\"@graph\":[{\"@type\":\"WebPage\",\"@id\":\"https:\\\/\\\/bantam-corpo.dev-bantam.ch\\\/de\\\/unternehmensprofil\\\/\",\"url\":\"https:\\\/\\\/bantam-corpo.dev-bantam.ch\\\/de\\\/unternehmensprofil\\\/\",\"name\":\"Unternehmensprofil - Bantam\",\"isPartOf\":{\"@id\":\"https:\\\/\\\/bantam-corpo.dev-bantam.ch\\\/de\\\/#website\"},\"datePublished\":\"2024-07-01T12:09:54+00:00\",\"dateModified\":\"2025-01-22T11:08:41+00:00\",\"breadcrumb\":{\"@id\":\"https:\\\/\\\/bantam-corpo.dev-bantam.ch\\\/de\\\/unternehmensprofil\\\/#breadcrumb\"},\"inLanguage\":\"de-DE\",\"potentialAction\":[{\"@type\":\"ReadAction\",\"target\":[\"https:\\\/\\\/bantam-corpo.dev-bantam.ch\\\/de\\\/unternehmensprofil\\\/\"]}]},{\"@type\":\"BreadcrumbList\",\"@id\":\"https:\\\/\\\/bantam-corpo.dev-bantam.ch\\\/de\\\/unternehmensprofil\\\/#breadcrumb\",\"itemListElement\":[{\"@type\":\"ListItem\",\"position\":1,\"name\":\"Home\",\"item\":\"https:\\\/\\\/bantam-corpo.dev-bantam.ch\\\/de\\\/\"},{\"@type\":\"ListItem\",\"position\":2,\"name\":\"Unternehmensprofil\"}]},{\"@type\":\"WebSite\",\"@id\":\"https:\\\/\\\/bantam-corpo.dev-bantam.ch\\\/de\\\/#website\",\"url\":\"https:\\\/\\\/bantam-corpo.dev-bantam.ch\\\/de\\\/\",\"name\":\"Bantam\",\"description\":\"\",\"potentialAction\":[{\"@type\":\"SearchAction\",\"target\":{\"@type\":\"EntryPoint\",\"urlTemplate\":\"https:\\\/\\\/bantam-corpo.dev-bantam.ch\\\/de\\\/?s={search_term_string}\"},\"query-input\":{\"@type\":\"PropertyValueSpecification\",\"valueRequired\":true,\"valueName\":\"search_term_string\"}}],\"inLanguage\":\"de-DE\"}]}<\/script>\n<!-- \/ Yoast SEO plugin. -->","yoast_head_json":{"title":"Unternehmensprofil - Bantam","robots":{"index":"index","follow":"follow","max-snippet":"max-snippet:-1","max-image-preview":"max-image-preview:large","max-video-preview":"max-video-preview:-1"},"canonical":"https:\/\/bantam-corpo.dev-bantam.ch\/de\/unternehmensprofil\/","og_locale":"de_DE","og_type":"article","og_title":"Unternehmensprofil - Bantam","og_description":"Willkommen bei Bantam \u2013 Wir verwirklichen Ihre Tr\u00e4ume! Mit unserer aussergew\u00f6hnlichen Auswahl und Vielfalt an Freizeitfahrzeugen k\u00f6nnen Sie Ihre Tr\u00e4ume bei Bantam wahr werden lassen. Wenn f\u00fcr Sie Komfort im Vordergrund steht, dann finden sie bei uns Ihr Taummobil f\u00fcr ein kompromissloses Reiseerlebnis. Reisen Sie mit h\u00f6chstem Komfort, erstklassigen Eigenschaften und aussergew\u00f6hnlichem Design. Wenn Sie [&hellip;]","og_url":"https:\/\/bantam-corpo.dev-bantam.ch\/de\/unternehmensprofil\/","og_site_name":"Bantam","article_modified_time":"2025-01-22T11:08:41+00:00","twitter_card":"summary_large_image","twitter_misc":{"Est. reading time":"2 Minuten"},"schema":{"@context":"https:\/\/schema.org","@graph":[{"@type":"WebPage","@id":"https:\/\/bantam-corpo.dev-bantam.ch\/de\/unternehmensprofil\/","url":"https:\/\/bantam-corpo.dev-bantam.ch\/de\/unternehmensprofil\/","name":"Unternehmensprofil - Bantam","isPartOf":{"@id":"https:\/\/bantam-corpo.dev-bantam.ch\/de\/#website"},"datePublished":"2024-07-01T12:09:54+00:00","dateModified":"2025-01-22T11:08:41+00:00","breadcrumb":{"@id":"https:\/\/bantam-corpo.dev-bantam.ch\/de\/unternehmensprofil\/#breadcrumb"},"inLanguage":"de-DE","potentialAction":[{"@type":"ReadAction","target":["https:\/\/bantam-corpo.dev-bantam.ch\/de\/unternehmensprofil\/"]}]},{"@type":"BreadcrumbList","@id":"https:\/\/bantam-corpo.dev-bantam.ch\/de\/unternehmensprofil\/#breadcrumb","itemListElement":[{"@type":"ListItem","position":1,"name":"Home","item":"https:\/\/bantam-corpo.dev-bantam.ch\/de\/"},{"@type":"ListItem","position":2,"name":"Unternehmensprofil"}]},{"@type":"WebSite","@id":"https:\/\/bantam-corpo.dev-bantam.ch\/de\/#website","url":"https:\/\/bantam-corpo.dev-bantam.ch\/de\/","name":"Bantam","description":"","potentialAction":[{"@type":"SearchAction","target":{"@type":"EntryPoint","urlTemplate":"https:\/\/bantam-corpo.dev-bantam.ch\/de\/?s={search_term_string}"},"query-input":{"@type":"PropertyValueSpecification","valueRequired":true,"valueName":"search_term_string"}}],"inLanguage":"de-DE"}]}},"publishpress_future_action":{"enabled":false,"date":"2026-05-06 07:27:43","action":"change-status","newStatus":"draft","terms":[],"taxonomy":"translation_priority","extraData":[]},"publishpress_future_workflow_manual_trigger":{"enabledWorkflows":[]},"_links":{"self":[{"href":"https:\/\/bantam-corpo.dev-bantam.ch\/de\/wp-json\/wp\/v2\/pages\/3213","targetHints":{"allow":["GET"]}}],"collection":[{"href":"https:\/\/bantam-corpo.dev-bantam.ch\/de\/wp-json\/wp\/v2\/pages"}],"about":[{"href":"https:\/\/bantam-corpo.dev-bantam.ch\/de\/wp-json\/wp\/v2\/types\/page"}],"author":[{"embeddable":true,"href":"https:\/\/bantam-corpo.dev-bantam.ch\/de\/wp-json\/wp\/v2\/users\/5"}],"replies":[{"embeddable":true,"href":"https:\/\/bantam-corpo.dev-bantam.ch\/de\/wp-json\/wp\/v2\/comments?post=3213"}],"version-history":[{"count":3,"href":"https:\/\/bantam-corpo.dev-bantam.ch\/de\/wp-json\/wp\/v2\/pages\/3213\/revisions"}],"predecessor-version":[{"id":4605,"href":"https:\/\/bantam-corpo.dev-bantam.ch\/de\/wp-json\/wp\/v2\/pages\/3213\/revisions\/4605"}],"wp:attachment":[{"href":"https:\/\/bantam-corpo.dev-bantam.ch\/de\/wp-json\/wp\/v2\/media?parent=3213"}],"curies":[{"name":"wp","href":"https:\/\/api.w.org\/{rel}","templated":true}]}}