{"id":3127,"date":"2024-07-01T14:09:33","date_gmt":"2024-07-01T12:09:33","guid":{"rendered":"https:\/\/bantam-corpo.dev-bantam.ch\/?page_id=3127"},"modified":"2025-03-18T09:01:32","modified_gmt":"2025-03-18T08:01:32","slug":"allgemeine-konditionen","status":"publish","type":"page","link":"https:\/\/bantam-corpo.dev-bantam.ch\/de\/allgemeine-konditionen\/","title":{"rendered":"Allgemeine Konditionen"},"content":{"rendered":"\n<h2 class=\"wp-block-heading\"><strong>Allgemeine Bedingungen<\/strong><\/h2>\n\n\n\n<h3 class=\"wp-block-heading\">Im Mietpreis inbegriffen sind :<\/h3>\n\n\n\n<ul class=\"wp-block-list\">\n<li>Aussenreinigung des Mietfahrzeuges.<\/li>\n\n\n\n<li>Parkplatz f\u00fcr Ihr Privatfahrzeug (w\u00e4hrend der Mietdauer und auf eigenes Risiko).<\/li>\n\n\n\n<li>Vollkaskoversicherung f\u00fcr das Mietfahrzeug. (Selbstbehalt CHF 1&#8217;000.- pro Schaden, gegen spezielle Zusatzversicherung&nbsp;ausschliessbar).<\/li>\n<\/ul>\n\n\n\n<h3 class=\"wp-block-heading\">Gas :\u00a0<\/h3>\n\n\n\n<p>Jedes Fahrzeug enth\u00e4lt 2 Gasfllaschen mit je 10,5 kg. Eine Pauschale von Fr. 60.- wird f\u00fcr die Benutzung der ersten Gasfllasche berechnet. Bei Benutzung der zweiten Gasflasche wird eine weitere Pauschale von Fr. 60.- berechnet.<\/p>\n\n\n\n<h3 class=\"wp-block-heading\">Schadenversicherung :<\/h3>\n\n\n\n<p><strong>Reisemobile <\/strong>:<br>Unbegrenzte Haftpflichtversicherung, (Selbstbehalt Fr. 500.- pro Schaden, nicht ausschliessbar).<\/p>\n\n\n\n<p><strong>Wohnwagen <\/strong>:<br>Diese sind, solange sie am Zugfahrzeug angeh\u00e4ngt sind, \u00fcber die Haftpflichtversicherung des Zugfahrzeuges und gegen Haftpflichtsch\u00e4den versichert.<\/p>\n\n\n\n<p>Feuer-, Glas- und Wildsch\u00e4den sind versichert&nbsp;(ohne Selbstbehalt). Die Scheinwerfer sind nicht&nbsp;versichert. Pers\u00f6nliche Gegenst\u00e4nde sind \u00fcber die&nbsp;Hausratversicherung des Mieters abzudecken.<br>Sch\u00e4den, die auf grobe Fahrl\u00e4ssigkeit zur\u00fcckzuf\u00fchren&nbsp;sind (Missachtung der Fahrzeugh\u00f6he etc.), sind&nbsp;nicht versichert. R\u00fcckf\u00fchrung des Mietfahrzeugs&nbsp;und R\u00fcckf\u00fchrungskosten: bis zu CHF 500.- pro Person&nbsp;(unter Vorweisung der Belege) bei Unf\u00e4llen und&nbsp;gr\u00f6sseren Sch\u00e4den.&nbsp;<\/p>\n\n\n\n<p>Die Reparaturkosten ab CHF 50.- f\u00fcr ausgef\u00fchrte&nbsp;Reparaturen, (mit vorg\u00e4ngigem Einverst\u00e4ndnis des&nbsp;Vermieters) werden unter Vorweisung detaillierter&nbsp;Quittungen r\u00fcckverg\u00fctet.<\/p>\n\n\n\n<p><strong>Annullationskosten<\/strong><\/p>\n\n\n\n<p>Auch im Falle einer Krankheit muss der Mietvertrag gegen\u00fcber Bantam Camping zu 100% erf\u00fcllt werden.<\/p>\n\n\n\n<p>Deshalb empfehlen wir den Abschluss einer Annullationskosten-Versicherung bei einem Drittanbieter. Damit kann man bei unvorhersehbaren Ereignissen, die zu einer Annullation des Mietvertrages f\u00fchren k\u00f6nnen, eine R\u00fcckerstattung der Annullationskosten bei seinem Versicherer beantragen.<\/p>\n\n\n\n<h3 class=\"wp-block-heading\">Fahrer\/in :<\/h3>\n\n\n\n<p>Mindestalter 23 Jahre &#8211; g\u00fcltiger F\u00fchrerausweis f\u00fcr&nbsp;Fahrzeuge bis 3,5 Tonnen (Kat. B) seit mindestens&nbsp;2 Jahren (Ausnahme schwere Motorwagen mit F\u00fchrerausweis Kat. C1);&nbsp;bitte dem Mietvertrag eine Fotokopie&nbsp;des g\u00fcltigen F\u00fchrerausweises beilegen. Das&nbsp;Mietfahrzeug darf nicht durch andere als im&nbsp;Mietvertrag erw\u00e4hnte Personen gefahren werden.&nbsp;Es ist verboten, mit dem Mietfahrzeug Fahrten und&nbsp;Transporte gegen Bezahlung zu t\u00e4tigen, das Mietfahrzeug&nbsp;an andere Personen weiterzuvermieten&nbsp;und\/oder Fahrstunden damit zu unterrichten.&nbsp;<\/p>\n\n\n\n<p>Personen, die nicht in der Schweiz wohnhaft&nbsp;sind und nicht \u00fcber eine g\u00fcltige Niederlassungsbewilligung&nbsp;verf\u00fcgen, m\u00fcssen ausserdem bei&nbsp;Vertragsabschluss eine Kopie des g\u00fcltigen Passes&nbsp;hinterlegen.<\/p>\n\n\n\n<h3 class=\"wp-block-heading\">Zugfahrzeug f\u00fcr Mietwohnwagen :<\/h3>\n\n\n\n<p>Der Mieter ist verantwortlich, dass das Gesamtgewicht&nbsp;des gemieteten Wohnwagens und die&nbsp;zul\u00e4ssige Anh\u00e4ngelast des Zugfahrzeuges nicht&nbsp;\u00fcberschritten wird.&nbsp;Der Mietwohnwagen verf\u00fcgt \u00fcber eine 13-polige&nbsp;12 Volt-Stromzuleitung. Der Vermieter \u00fcbernimmt&nbsp;keine Verantwortung, wenn im angeh\u00e4ngten&nbsp;Zustand, Leuchten ausserhalb und innerhalb des&nbsp;Wohnwagens nicht funktionieren sollten.<\/p>\n\n\n\n<h3 class=\"wp-block-heading\">\u00dcbernahme und R\u00fcckgabe des Mietfahrzeugs :<\/h3>\n\n\n\n<p>Das Mietfahrzeug muss zu den im Mietvertrag festgelegten Zeiten \u00fcbernommen und zur\u00fcckgegeben werden.<\/p>\n\n\n\n<p>Ohne vorherige Vereinbarung wird&nbsp;jede versp\u00e4tete Stunde mit CHF 60.- verrechnet.&nbsp;<\/p>\n\n\n\n<p>Der Mieter verpflichtet sich, mit dem Mietfahrzeug&nbsp;sorgf\u00e4ltig umzugehen. Er achtet selber auf das&nbsp;reibungslose Funktionieren des Mietfahrzeugs.&nbsp;Der Mieter kontrolliert den \u00d6l- und K\u00fchlwasserstand&nbsp;sowie den Reifendruck bei jedem Tank-Stopp. Festgestellte Sch\u00e4den und M\u00e4ngel sind&nbsp;dem Vermieter unverz\u00fcglich und unaufgefordert&nbsp;zu melden.<\/p>\n\n\n\n<p><strong>F\u00fcr allf\u00e4llige Unannehmlichkeiten (Wartezeiten,&nbsp;Unterkunft, usw.), welche durch die Reparatur am&nbsp;Mietfahrzeug entstehen sollten, \u00fcbernehmen wir&nbsp;keine Haftung.<\/strong><\/p>\n\n\n\n<p>Modell\u00e4nderungen sowie \u00c4nderungen der \u00dcbernahmezeiten&nbsp;die durch Unvorhergesehenes wie&nbsp;Unf\u00e4lle, Sch\u00e4den, versp\u00e4teter R\u00fcckgabe durch&nbsp;den Vormieter usw. verursacht werden, bleiben&nbsp;ausdr\u00fccklich vorbehalten, ohne vorg\u00e4ngige&nbsp;Mitteilung durch den Vermieter.&nbsp;<\/p>\n\n\n\n<p>Angenommen, der Mieter kann das Fahrzeug nicht&nbsp;rechtzeitig zur\u00fcckbringen (Panne, Unfall, usw.),&nbsp;gehen die Kosten f\u00fcr Aufwendungen, welche nicht&nbsp;durch die R\u00fcckf\u00fchrungsversicherung gedeckt&nbsp;sind, zu Lasten des Mieters.<\/p>\n\n\n\n<p>Das Reisemobil muss mit vollem Treibstofftank&nbsp;zur\u00fcckgebracht werden. Bei fehlendem Diesel&nbsp;werden ihm mindestens CHF 50.- verrechnet.<\/p>\n\n\n\n<h3 class=\"wp-block-heading\">Unfall :<\/h3>\n\n\n\n<p>Bei Unf\u00e4llen muss der Mieter unverz\u00fcglich die&nbsp;Polizei sowie den Vermieter benachrichtigen. Der&nbsp;Mieter muss auf die Ausstellung eines Polizeirapportes&nbsp;bestehen. Der Mieter oder der Fahrer darf&nbsp;keine m\u00fcndlichen und schriftlichen Schuldzugest\u00e4ndnisse&nbsp;machen.<\/p>\n\n\n\n<h3 class=\"wp-block-heading\">Verdeckte Sch\u00e4den :<\/h3>\n\n\n\n<p>Sollten verdeckte oder unbemerkte M\u00e4ngel\/Sch\u00e4den nach erfolgter Mietabrechnung durch&nbsp;den Vermieter festgestellt werden, so hat dieser&nbsp;Anrecht darauf, den Mieter zu belangen und ihn&nbsp;entsprechend zur Verantwortung zu ziehen.<\/p>\n\n\n\n<h3 class=\"wp-block-heading\">Gerichtsstand :<\/h3>\n\n\n\n<p>F\u00fcr s\u00e4mtliche Streitigkeiten aus diesem Vertrag&nbsp;vereinbaren die Parteien ausschliesslich den&nbsp;Gerichtsstand des Vermieters.<\/p>\n\n\n\n<h3 class=\"wp-block-heading\">Zahlung&nbsp;und&nbsp;Mietkaution :<\/h3>\n\n\n\n<p>Bei Vertragsabschluss werden 30% der Mietgeb\u00fchr gem\u00e4ss Vertrag f\u00e4llig. Der Restbetrag ist sp\u00e4testens <strong>30 Tage vor Mietantritt<\/strong> mittels Bank\u00fcberweisung zu bezahlen. <strong>Bei<\/strong> &#8222;last minute&#8220; Angeboten ist die Mietgeb\u00fchr bei Vertragsabschluss f\u00e4llig.<\/p>\n\n\n\n<p>Bei Mietantritt ist eine Kaution von CHF 1\u2018000.-&nbsp;mittels Kreditkarte zu hinterlegen.<\/p>\n\n\n\n<p>Die Kaution deckt <strong>teilweise <\/strong>die Selbstbehalte f\u00fcr&nbsp;die Teil- und Vollkaskoversicherung und ist nicht&nbsp;Bestandteil der Mietkosten (sondern zuz\u00fcglich zum&nbsp;eigentlichen Mietpreis) und wird nach R\u00fcckgabe des&nbsp;Mietfahrzeuges (in einwandfreiem Zustand) dem&nbsp;Mieter zur\u00fcckbezahlt, unter Vorbehalt von Unfall&nbsp;oder sonstigen Sch\u00e4den.<\/p>\n\n\n\n<h3 class=\"wp-block-heading\">Die Innenreinigung :<\/h3>\n\n\n\n<p>Die Innenreinigung des Mietfahrzeugs ist nicht&nbsp;im Mietpreis inbegriffen. Der Mieter verpflichtet&nbsp;sich, das Mietfahrzeug in<strong> gereinigtem Zustand<\/strong>&nbsp;zur\u00fcckzugeben, oder (gegen Bezahlung) in&nbsp;unserer Werkstatt reinigen zu lassen.<\/p>\n\n\n\n<p>Das WC und&nbsp;der Schmutzwassertank m\u00fcssen durch den Mieter&nbsp;entleert werden (nicht in der vom Vermieter&nbsp;angebotenen Innenreinigung eingeschlossen). Andernfalls wird eine Geb\u00fchr von CHF 150.- verrechnet.&nbsp;<\/p>\n\n\n\n<p>Eine zus\u00e4tzliche Geb\u00fchr f\u00fcr Innenreinigung wird&nbsp;verrechnet, sollte das Fahrzeug in ungen\u00fcgend&nbsp;gereinigtem oder sehr schmutzigem Zustand&nbsp;retourniert werden.&nbsp;<\/p>\n\n\n\n<p>Das Geschirr ist in sauberem Zustand zur\u00fcckzubringen.&nbsp;Mitgef\u00fchrte Tiere d\u00fcrfen nicht auf der&nbsp;Polsterung liegen. Verschmutzungen (Haare usw.)&nbsp;die durch die mitgef\u00fchrten Tiere verursacht werden,&nbsp;m\u00fcssen durch den Mieter gereinigt werden&nbsp;und sind nicht durch eine im Voraus bezahlte&nbsp;Innenreinigung gedeckt. Sollte die Reinigung nicht&nbsp;gen\u00fcgend ausgef\u00fchrt sein, wird eine Geb\u00fchr nach&nbsp;Aufwand&nbsp;in Rechnung gestellt.<\/p>\n\n\n\n<p><br>Die obgenannten Preise verstehen sich inkl. MwSt.&nbsp;\u00c4nderungen und Irrtum vorbehalten.<br>22. Januar 2025<\/p>\n\n\n\n<p>Reservieren Sie Online\u00a0oder per Telefon :<br>Hindelbank : 034 411 90 40 <br>Urdorf : 044 777 00 07 <\/p>\n","protected":false},"excerpt":{"rendered":"<p>Allgemeine Bedingungen Im Mietpreis inbegriffen sind : Gas :\u00a0 Jedes Fahrzeug enth\u00e4lt 2 Gasfllaschen mit je 10,5 kg. Eine Pauschale von Fr. 60.- wird f\u00fcr die Benutzung der ersten Gasfllasche berechnet. Bei Benutzung der zweiten Gasflasche wird eine weitere Pauschale von Fr. 60.- berechnet. Schadenversicherung : Reisemobile :Unbegrenzte Haftpflichtversicherung, (Selbstbehalt Fr. 500.- pro Schaden, nicht [&hellip;]<\/p>\n","protected":false},"author":5,"featured_media":0,"parent":0,"menu_order":0,"comment_status":"closed","ping_status":"closed","template":"","meta":{"_acf_changed":false,"footnotes":""},"class_list":["post-3127","page","type-page","status-publish","hentry"],"acf":[],"yoast_head":"<!-- This site is optimized with the Yoast SEO plugin v27.4 - https:\/\/yoast.com\/product\/yoast-seo-wordpress\/ -->\n<title>Allgemeine Konditionen - Bantam<\/title>\n<meta name=\"robots\" content=\"index, follow, max-snippet:-1, max-image-preview:large, max-video-preview:-1\" \/>\n<link rel=\"canonical\" href=\"https:\/\/bantam-corpo.dev-bantam.ch\/de\/allgemeine-konditionen\/\" \/>\n<meta property=\"og:locale\" content=\"de_DE\" \/>\n<meta property=\"og:type\" content=\"article\" \/>\n<meta property=\"og:title\" content=\"Allgemeine Konditionen - Bantam\" \/>\n<meta property=\"og:description\" content=\"Allgemeine Bedingungen Im Mietpreis inbegriffen sind : Gas :\u00a0 Jedes Fahrzeug enth\u00e4lt 2 Gasfllaschen mit je 10,5 kg. Eine Pauschale von Fr. 60.- wird f\u00fcr die Benutzung der ersten Gasfllasche berechnet. Bei Benutzung der zweiten Gasflasche wird eine weitere Pauschale von Fr. 60.- berechnet. Schadenversicherung : Reisemobile :Unbegrenzte Haftpflichtversicherung, (Selbstbehalt Fr. 500.- pro Schaden, nicht [&hellip;]\" \/>\n<meta property=\"og:url\" content=\"https:\/\/bantam-corpo.dev-bantam.ch\/de\/allgemeine-konditionen\/\" \/>\n<meta property=\"og:site_name\" content=\"Bantam\" \/>\n<meta property=\"article:modified_time\" content=\"2025-03-18T08:01:32+00:00\" \/>\n<meta name=\"twitter:card\" content=\"summary_large_image\" \/>\n<meta name=\"twitter:label1\" content=\"Est. reading time\" \/>\n\t<meta name=\"twitter:data1\" content=\"5 Minuten\" \/>\n<script type=\"application\/ld+json\" class=\"yoast-schema-graph\">{\"@context\":\"https:\\\/\\\/schema.org\",\"@graph\":[{\"@type\":\"WebPage\",\"@id\":\"https:\\\/\\\/bantam-corpo.dev-bantam.ch\\\/de\\\/allgemeine-konditionen\\\/\",\"url\":\"https:\\\/\\\/bantam-corpo.dev-bantam.ch\\\/de\\\/allgemeine-konditionen\\\/\",\"name\":\"Allgemeine Konditionen - Bantam\",\"isPartOf\":{\"@id\":\"https:\\\/\\\/bantam-corpo.dev-bantam.ch\\\/de\\\/#website\"},\"datePublished\":\"2024-07-01T12:09:33+00:00\",\"dateModified\":\"2025-03-18T08:01:32+00:00\",\"breadcrumb\":{\"@id\":\"https:\\\/\\\/bantam-corpo.dev-bantam.ch\\\/de\\\/allgemeine-konditionen\\\/#breadcrumb\"},\"inLanguage\":\"de-DE\",\"potentialAction\":[{\"@type\":\"ReadAction\",\"target\":[\"https:\\\/\\\/bantam-corpo.dev-bantam.ch\\\/de\\\/allgemeine-konditionen\\\/\"]}]},{\"@type\":\"BreadcrumbList\",\"@id\":\"https:\\\/\\\/bantam-corpo.dev-bantam.ch\\\/de\\\/allgemeine-konditionen\\\/#breadcrumb\",\"itemListElement\":[{\"@type\":\"ListItem\",\"position\":1,\"name\":\"Home\",\"item\":\"https:\\\/\\\/bantam-corpo.dev-bantam.ch\\\/de\\\/\"},{\"@type\":\"ListItem\",\"position\":2,\"name\":\"Allgemeine Konditionen\"}]},{\"@type\":\"WebSite\",\"@id\":\"https:\\\/\\\/bantam-corpo.dev-bantam.ch\\\/de\\\/#website\",\"url\":\"https:\\\/\\\/bantam-corpo.dev-bantam.ch\\\/de\\\/\",\"name\":\"Bantam\",\"description\":\"\",\"potentialAction\":[{\"@type\":\"SearchAction\",\"target\":{\"@type\":\"EntryPoint\",\"urlTemplate\":\"https:\\\/\\\/bantam-corpo.dev-bantam.ch\\\/de\\\/?s={search_term_string}\"},\"query-input\":{\"@type\":\"PropertyValueSpecification\",\"valueRequired\":true,\"valueName\":\"search_term_string\"}}],\"inLanguage\":\"de-DE\"}]}<\/script>\n<!-- \/ Yoast SEO plugin. -->","yoast_head_json":{"title":"Allgemeine Konditionen - Bantam","robots":{"index":"index","follow":"follow","max-snippet":"max-snippet:-1","max-image-preview":"max-image-preview:large","max-video-preview":"max-video-preview:-1"},"canonical":"https:\/\/bantam-corpo.dev-bantam.ch\/de\/allgemeine-konditionen\/","og_locale":"de_DE","og_type":"article","og_title":"Allgemeine Konditionen - Bantam","og_description":"Allgemeine Bedingungen Im Mietpreis inbegriffen sind : Gas :\u00a0 Jedes Fahrzeug enth\u00e4lt 2 Gasfllaschen mit je 10,5 kg. Eine Pauschale von Fr. 60.- wird f\u00fcr die Benutzung der ersten Gasfllasche berechnet. Bei Benutzung der zweiten Gasflasche wird eine weitere Pauschale von Fr. 60.- berechnet. Schadenversicherung : Reisemobile :Unbegrenzte Haftpflichtversicherung, (Selbstbehalt Fr. 500.- pro Schaden, nicht [&hellip;]","og_url":"https:\/\/bantam-corpo.dev-bantam.ch\/de\/allgemeine-konditionen\/","og_site_name":"Bantam","article_modified_time":"2025-03-18T08:01:32+00:00","twitter_card":"summary_large_image","twitter_misc":{"Est. reading time":"5 Minuten"},"schema":{"@context":"https:\/\/schema.org","@graph":[{"@type":"WebPage","@id":"https:\/\/bantam-corpo.dev-bantam.ch\/de\/allgemeine-konditionen\/","url":"https:\/\/bantam-corpo.dev-bantam.ch\/de\/allgemeine-konditionen\/","name":"Allgemeine Konditionen - Bantam","isPartOf":{"@id":"https:\/\/bantam-corpo.dev-bantam.ch\/de\/#website"},"datePublished":"2024-07-01T12:09:33+00:00","dateModified":"2025-03-18T08:01:32+00:00","breadcrumb":{"@id":"https:\/\/bantam-corpo.dev-bantam.ch\/de\/allgemeine-konditionen\/#breadcrumb"},"inLanguage":"de-DE","potentialAction":[{"@type":"ReadAction","target":["https:\/\/bantam-corpo.dev-bantam.ch\/de\/allgemeine-konditionen\/"]}]},{"@type":"BreadcrumbList","@id":"https:\/\/bantam-corpo.dev-bantam.ch\/de\/allgemeine-konditionen\/#breadcrumb","itemListElement":[{"@type":"ListItem","position":1,"name":"Home","item":"https:\/\/bantam-corpo.dev-bantam.ch\/de\/"},{"@type":"ListItem","position":2,"name":"Allgemeine Konditionen"}]},{"@type":"WebSite","@id":"https:\/\/bantam-corpo.dev-bantam.ch\/de\/#website","url":"https:\/\/bantam-corpo.dev-bantam.ch\/de\/","name":"Bantam","description":"","potentialAction":[{"@type":"SearchAction","target":{"@type":"EntryPoint","urlTemplate":"https:\/\/bantam-corpo.dev-bantam.ch\/de\/?s={search_term_string}"},"query-input":{"@type":"PropertyValueSpecification","valueRequired":true,"valueName":"search_term_string"}}],"inLanguage":"de-DE"}]}},"publishpress_future_action":{"enabled":false,"date":"2026-05-06 07:27:54","action":"change-status","newStatus":"draft","terms":[],"taxonomy":"translation_priority","extraData":[]},"publishpress_future_workflow_manual_trigger":{"enabledWorkflows":[]},"_links":{"self":[{"href":"https:\/\/bantam-corpo.dev-bantam.ch\/de\/wp-json\/wp\/v2\/pages\/3127","targetHints":{"allow":["GET"]}}],"collection":[{"href":"https:\/\/bantam-corpo.dev-bantam.ch\/de\/wp-json\/wp\/v2\/pages"}],"about":[{"href":"https:\/\/bantam-corpo.dev-bantam.ch\/de\/wp-json\/wp\/v2\/types\/page"}],"author":[{"embeddable":true,"href":"https:\/\/bantam-corpo.dev-bantam.ch\/de\/wp-json\/wp\/v2\/users\/5"}],"replies":[{"embeddable":true,"href":"https:\/\/bantam-corpo.dev-bantam.ch\/de\/wp-json\/wp\/v2\/comments?post=3127"}],"version-history":[{"count":11,"href":"https:\/\/bantam-corpo.dev-bantam.ch\/de\/wp-json\/wp\/v2\/pages\/3127\/revisions"}],"predecessor-version":[{"id":4762,"href":"https:\/\/bantam-corpo.dev-bantam.ch\/de\/wp-json\/wp\/v2\/pages\/3127\/revisions\/4762"}],"wp:attachment":[{"href":"https:\/\/bantam-corpo.dev-bantam.ch\/de\/wp-json\/wp\/v2\/media?parent=3127"}],"curies":[{"name":"wp","href":"https:\/\/api.w.org\/{rel}","templated":true}]}}